{"id":4423,"date":"2021-05-15T14:03:09","date_gmt":"2021-05-15T12:03:09","guid":{"rendered":"https:\/\/www.aquavera.com\/abous-us\/"},"modified":"2023-06-01T01:09:35","modified_gmt":"2023-05-31T23:09:35","slug":"about-us","status":"publish","type":"page","link":"https:\/\/www.aquavera.com\/en\/about-us\/","title":{"rendered":"Abous us"},"content":{"rendered":"\t\t<div data-elementor-type=\"wp-page\" data-elementor-id=\"4423\" class=\"elementor elementor-4423 elementor-3472\" data-elementor-post-type=\"page\">\n\t\t\t\t\t\t<section class=\"elementor-section elementor-top-section elementor-element elementor-element-7e002031 elementor-section-boxed elementor-section-height-default elementor-section-height-default\" data-id=\"7e002031\" data-element_type=\"section\" data-settings=\"{&quot;background_background&quot;:&quot;classic&quot;,&quot;shape_divider_bottom&quot;:&quot;mountains&quot;}\">\n\t\t\t\t\t<div class=\"elementor-shape elementor-shape-bottom\" data-negative=\"false\">\n\t\t\t<svg xmlns=\"http:\/\/www.w3.org\/2000\/svg\" viewBox=\"0 0 1000 100\" preserveAspectRatio=\"none\">\n\t<path class=\"elementor-shape-fill\" opacity=\"0.33\" d=\"M473,67.3c-203.9,88.3-263.1-34-320.3,0C66,119.1,0,59.7,0,59.7V0h1000v59.7 c0,0-62.1,26.1-94.9,29.3c-32.8,3.3-62.8-12.3-75.8-22.1C806,49.6,745.3,8.7,694.9,4.7S492.4,59,473,67.3z\"\/>\n\t<path class=\"elementor-shape-fill\" opacity=\"0.66\" d=\"M734,67.3c-45.5,0-77.2-23.2-129.1-39.1c-28.6-8.7-150.3-10.1-254,39.1 s-91.7-34.4-149.2,0C115.7,118.3,0,39.8,0,39.8V0h1000v36.5c0,0-28.2-18.5-92.1-18.5C810.2,18.1,775.7,67.3,734,67.3z\"\/>\n\t<path class=\"elementor-shape-fill\" d=\"M766.1,28.9c-200-57.5-266,65.5-395.1,19.5C242,1.8,242,5.4,184.8,20.6C128,35.8,132.3,44.9,89.9,52.5C28.6,63.7,0,0,0,0 h1000c0,0-9.9,40.9-83.6,48.1S829.6,47,766.1,28.9z\"\/>\n<\/svg>\t\t<\/div>\n\t\t\t\t\t<div class=\"elementor-container elementor-column-gap-default\">\n\t\t\t\t\t<div class=\"elementor-column elementor-col-100 elementor-top-column elementor-element elementor-element-72b95ba1\" data-id=\"72b95ba1\" data-element_type=\"column\">\n\t\t\t<div class=\"elementor-widget-wrap elementor-element-populated\">\n\t\t\t\t\t\t<div class=\"elementor-element elementor-element-a1ffb8a elementor-widget elementor-widget-heading\" data-id=\"a1ffb8a\" data-element_type=\"widget\" data-widget_type=\"heading.default\">\n\t\t\t\t<div class=\"elementor-widget-container\">\n\t\t\t\t\t<h1 class=\"elementor-heading-title elementor-size-default\">Abous us<\/h1>\t\t\t\t<\/div>\n\t\t\t\t<\/div>\n\t\t\t\t\t<\/div>\n\t\t<\/div>\n\t\t\t\t\t<\/div>\n\t\t<\/section>\n\t\t\t\t<section class=\"elementor-section elementor-top-section elementor-element elementor-element-c10ceeb elementor-section-boxed elementor-section-height-default elementor-section-height-default\" data-id=\"c10ceeb\" data-element_type=\"section\">\n\t\t\t\t\t\t<div class=\"elementor-container elementor-column-gap-default\">\n\t\t\t\t\t<div class=\"elementor-column elementor-col-100 elementor-top-column elementor-element elementor-element-6eb4eda0\" data-id=\"6eb4eda0\" data-element_type=\"column\">\n\t\t\t<div class=\"elementor-widget-wrap elementor-element-populated\">\n\t\t\t\t\t\t<div class=\"elementor-element elementor-element-60222767 elementor-widget elementor-widget-text-editor\" data-id=\"60222767\" data-element_type=\"widget\" data-widget_type=\"text-editor.default\">\n\t\t\t\t<div class=\"elementor-widget-container\">\n\t\t\t\t\t\t\t\t\t<p>The AquaVera water park is located in the town of Vera-Playa, Almer\u00eda, near the towns of Garrucha, Moj\u00e1car, Villaricos and \u00c1guilas. We are in an important tourist enclave in the southeast of the peninsula that has allowed us to be one of the leading water parks in Spain.<\/p>\n<p>We opened our doors in July 1999. Since then, we have been focusing all our efforts for more than 20 years so that our visitors enjoy a unique day of leisure in a unique environment. We have attractions for all audiences, a wide variety of services and we consider the safety of our clients as the highest priority.<\/p>\n<p>In addition to the water park, our company is part of social and charitable activities in collaboration with associations in the region.<\/p>\n<p>AquaVera belongs to the company Aqualand Almer\u00eda S.A. and it is related to the <a style=\"color: #0094f7;\" href=\"https:\/\/www.aquamijas.com\/\">AquaMijas water park,<\/a> in Malaga.<\/p>\n<hr>\n\t\t\t\t\t\t\t\t<\/div>\n\t\t\t\t<\/div>\n\t\t\t\t\t<\/div>\n\t\t<\/div>\n\t\t\t\t\t<\/div>\n\t\t<\/section>\n\t\t\t\t<\/div>\n\t\t","protected":false},"excerpt":{"rendered":"<p>Abous us The AquaVera water park is located in the town of Vera-Playa, Almer\u00eda, near the towns of Garrucha, Moj\u00e1car, Villaricos and \u00c1guilas. We are in an important tourist enclave in the southeast of the peninsula that has allowed us to be one of the leading water parks in Spain. We opened our doors in [&hellip;]<\/p>\n","protected":false},"author":4944,"featured_media":0,"parent":0,"menu_order":0,"comment_status":"closed","ping_status":"closed","template":"","meta":{"footnotes":""},"class_list":["post-4423","page","type-page","status-publish","hentry"],"yoast_head":"<title>Who we are at AquaVera water park<\/title>\n<meta name=\"description\" content=\"We are the best water park in the province, with attractions and services to guarantee your fun and safety, in Vera Playa, Almeria.\" \/>\n<meta name=\"robots\" content=\"index, follow, max-snippet:-1, max-image-preview:large, max-video-preview:-1\" \/>\n<link rel=\"canonical\" href=\"https:\/\/www.aquavera.com\/en\/about-us\/\" \/>\n<meta property=\"og:locale\" content=\"en_US\" \/>\n<meta property=\"og:type\" content=\"article\" \/>\n<meta property=\"og:title\" content=\"About us - AquaVera\" \/>\n<meta property=\"og:description\" content=\"The AquaVera water park was inaugurated in 1999 in the town of Vera Playa, Almer\u00eda, near the Region of Murcia.\" \/>\n<meta property=\"og:url\" content=\"https:\/\/www.aquavera.com\/en\/about-us\/\" \/>\n<meta property=\"og:site_name\" content=\"AquaVera\" \/>\n<meta property=\"article:modified_time\" content=\"2023-05-31T23:09:35+00:00\" \/>\n<meta name=\"twitter:card\" content=\"summary_large_image\" \/>\n<meta name=\"twitter:title\" content=\"About us - AquaVera\" \/>\n<meta name=\"twitter:description\" content=\"The AquaVera water park was inaugurated in 1999 in the town of Vera Playa, Almer\u00eda, near the Region of Murcia.\" \/>\n<meta name=\"twitter:label1\" content=\"Est. reading time\" \/>\n\t<meta name=\"twitter:data1\" content=\"1 minute\" \/>\n<script type=\"application\/ld+json\" class=\"yoast-schema-graph\">{\"@context\":\"https:\/\/schema.org\",\"@graph\":[{\"@type\":\"WebPage\",\"@id\":\"https:\/\/www.aquavera.com\/en\/about-us\/\",\"url\":\"https:\/\/www.aquavera.com\/en\/about-us\/\",\"name\":\"Who we are at AquaVera water park\",\"isPartOf\":{\"@id\":\"https:\/\/www.aquavera.com\/en\/#website\"},\"datePublished\":\"2021-05-15T12:03:09+00:00\",\"dateModified\":\"2023-05-31T23:09:35+00:00\",\"description\":\"We are the best water park in the province, with attractions and services to guarantee your fun and safety, in Vera Playa, Almeria.\",\"breadcrumb\":{\"@id\":\"https:\/\/www.aquavera.com\/en\/about-us\/#breadcrumb\"},\"inLanguage\":\"en-US\",\"potentialAction\":[{\"@type\":\"ReadAction\",\"target\":[\"https:\/\/www.aquavera.com\/en\/about-us\/\"]}]},{\"@type\":\"BreadcrumbList\",\"@id\":\"https:\/\/www.aquavera.com\/en\/about-us\/#breadcrumb\",\"itemListElement\":[{\"@type\":\"ListItem\",\"position\":1,\"name\":\"Portada\",\"item\":\"https:\/\/www.aquavera.com\/en\/\"},{\"@type\":\"ListItem\",\"position\":2,\"name\":\"Abous us\"}]},{\"@type\":\"WebSite\",\"@id\":\"https:\/\/www.aquavera.com\/en\/#website\",\"url\":\"https:\/\/www.aquavera.com\/en\/\",\"name\":\"AquaVera\",\"description\":\"Parque acu\u00e1tico en Vera\",\"potentialAction\":[{\"@type\":\"SearchAction\",\"target\":{\"@type\":\"EntryPoint\",\"urlTemplate\":\"https:\/\/www.aquavera.com\/en\/?s={search_term_string}\"},\"query-input\":{\"@type\":\"PropertyValueSpecification\",\"valueRequired\":true,\"valueName\":\"search_term_string\"}}],\"inLanguage\":\"en-US\"}]}<\/script>","yoast_head_json":{"title":"Who we are at AquaVera water park","description":"We are the best water park in the province, with attractions and services to guarantee your fun and safety, in Vera Playa, Almeria.","robots":{"index":"index","follow":"follow","max-snippet":"max-snippet:-1","max-image-preview":"max-image-preview:large","max-video-preview":"max-video-preview:-1"},"canonical":"https:\/\/www.aquavera.com\/en\/about-us\/","og_locale":"en_US","og_type":"article","og_title":"About us - AquaVera","og_description":"The AquaVera water park was inaugurated in 1999 in the town of Vera Playa, Almer\u00eda, near the Region of Murcia.","og_url":"https:\/\/www.aquavera.com\/en\/about-us\/","og_site_name":"AquaVera","article_modified_time":"2023-05-31T23:09:35+00:00","twitter_card":"summary_large_image","twitter_title":"About us - AquaVera","twitter_description":"The AquaVera water park was inaugurated in 1999 in the town of Vera Playa, Almer\u00eda, near the Region of Murcia.","twitter_misc":{"Est. reading time":"1 minute"},"schema":{"@context":"https:\/\/schema.org","@graph":[{"@type":"WebPage","@id":"https:\/\/www.aquavera.com\/en\/about-us\/","url":"https:\/\/www.aquavera.com\/en\/about-us\/","name":"Who we are at AquaVera water park","isPartOf":{"@id":"https:\/\/www.aquavera.com\/en\/#website"},"datePublished":"2021-05-15T12:03:09+00:00","dateModified":"2023-05-31T23:09:35+00:00","description":"We are the best water park in the province, with attractions and services to guarantee your fun and safety, in Vera Playa, Almeria.","breadcrumb":{"@id":"https:\/\/www.aquavera.com\/en\/about-us\/#breadcrumb"},"inLanguage":"en-US","potentialAction":[{"@type":"ReadAction","target":["https:\/\/www.aquavera.com\/en\/about-us\/"]}]},{"@type":"BreadcrumbList","@id":"https:\/\/www.aquavera.com\/en\/about-us\/#breadcrumb","itemListElement":[{"@type":"ListItem","position":1,"name":"Portada","item":"https:\/\/www.aquavera.com\/en\/"},{"@type":"ListItem","position":2,"name":"Abous us"}]},{"@type":"WebSite","@id":"https:\/\/www.aquavera.com\/en\/#website","url":"https:\/\/www.aquavera.com\/en\/","name":"AquaVera","description":"Parque acu\u00e1tico en Vera","potentialAction":[{"@type":"SearchAction","target":{"@type":"EntryPoint","urlTemplate":"https:\/\/www.aquavera.com\/en\/?s={search_term_string}"},"query-input":{"@type":"PropertyValueSpecification","valueRequired":true,"valueName":"search_term_string"}}],"inLanguage":"en-US"}]}},"_links":{"self":[{"href":"https:\/\/www.aquavera.com\/en\/wp-json\/wp\/v2\/pages\/4423"}],"collection":[{"href":"https:\/\/www.aquavera.com\/en\/wp-json\/wp\/v2\/pages"}],"about":[{"href":"https:\/\/www.aquavera.com\/en\/wp-json\/wp\/v2\/types\/page"}],"author":[{"embeddable":true,"href":"https:\/\/www.aquavera.com\/en\/wp-json\/wp\/v2\/users\/4944"}],"replies":[{"embeddable":true,"href":"https:\/\/www.aquavera.com\/en\/wp-json\/wp\/v2\/comments?post=4423"}],"version-history":[{"count":0,"href":"https:\/\/www.aquavera.com\/en\/wp-json\/wp\/v2\/pages\/4423\/revisions"}],"wp:attachment":[{"href":"https:\/\/www.aquavera.com\/en\/wp-json\/wp\/v2\/media?parent=4423"}],"curies":[{"name":"wp","href":"https:\/\/api.w.org\/{rel}","templated":true}]}}